{"id":2015,"date":"2026-01-21T12:10:45","date_gmt":"2026-01-21T11:10:45","guid":{"rendered":"https:\/\/www.internetvacacional.es\/accesibilitat\/"},"modified":"2026-01-21T12:10:45","modified_gmt":"2026-01-21T11:10:45","slug":"accesibilitat","status":"publish","type":"page","link":"https:\/\/www.internetvacacional.es\/ca\/accesibilitat\/","title":{"rendered":"Accesibilitat"},"content":{"rendered":"\n<p><b>1. DECLARACI\u00d3 D&#8217;ACCESSIBILITAT<\/b><\/p>\n<p data-syno-attrs=\"{\"textMarks\":[{\"_\":\"font_family\",\"complexScript\":\"Helvetica\",\"eastAsia\":\"Helvetica\",\"value\":\"Helvetica\"},{\"_\":\"font_size\",\"value\":10}]}\">*Teucom *Networks S.L., s&#8217;ha comprom\u00e9s a fer accessible el seu lloc web de conformitat amb el <span data-syno-attrs=\"{\"value\":\"Helvetica\",\"eastAsia\":\"Helvetica\",\"complexScript\":\"Helvetica\",\"hint\":\"default\"}\"><a role=\"link\" href=\"https:\/\/www.boe.es\/buscar\/act.php?id=BOE-A-2018-12699\">Reial decret 1112\/2018, de 7 de setembre.<\/a><\/span><\/p>\n<p>La present declaraci\u00f3 d&#8217;accessibilitat s&#8217;aplica al lloc web <a href=\"http:\/\/www.internetvacacional.es\">www.internetvacacional.es <\/a> <\/p>\n<p><b>2. SITUACI\u00d3 DE CUMPLIMENT<\/b><\/p>\n<p>Este lloc web \u00e9s parcialment conforme amb el Reial decret 1112\/2018, de 7 de setembre, a causa de la falta de conformitat dels aspectes que s&#8217;indiquen a continuaci\u00f3:<\/p>\n<ul>\n<li>Existixen elements en la interf\u00edcie de navegaci\u00f3 de la p\u00e0gina web que per la seua pr\u00f2pia morfologia i disseny queden exclosos del compliment dels est\u00e0ndards d&#8217;accessibilitat, tanmateix, aix\u00f2 no impedix la seua correcta utilitzaci\u00f3 i funcionament per part de tots els usuaris.<\/li>\n<\/ul>\n<p><b>3. PREPARACI\u00d3 DE LA PRESENT DECLARACI\u00d3 D&#8217;ACCESSIBILITAT<\/b><\/p>\n<p>La present declaraci\u00f3 va ser preparada el 17 de setembre de 2024. El m\u00e8tode emprat per a preparar la declaraci\u00f3 ha sigut una autoavaluaci\u00f3 duta a terme per la pr\u00f2pia empresa. \u00daltima revisi\u00f3 de la declaraci\u00f3: 17 d&#8217;octubre de 2024.  <\/p>\n<p><b>4. OBSERVACIONS I DADES DE CONTACTE<\/b><\/p>\n<p>Pot realitzar comunicacions sobre requisits d&#8217;accessibilitat (article 10.2.a) del Reial decret 1112\/2018, de 7 de setembre) com, per exemple:<\/p>\n<ul>\n<li>Informar sobre qualsevol possible incompliment per part d&#8217;este lloc web.<\/li>\n<li>Transmetre altres dificultats d&#8217;acc\u00e9s al contingut.<\/li>\n<li>Formular qualsevol altra consulta o suggeriment de millora relativa a l&#8217;accessibilitat del lloc web.<\/li>\n<\/ul>\n<p>A trav\u00e9s de les seg\u00fcents vies:<\/p>\n<ul>\n<li>Correu electr\u00f2nic: ventas@teucom.es<\/li>\n<li>Tel\u00e8fon: 664 069 100<\/li>\n<\/ul>\n<p>Les comunicacions seran rebudes i tractades pel propietari del lloc web, com a unitat responsable dels continguts d&#8217;este lloc web.<\/p>\n<p><b>5. PROCEDIMENT D&#8217;APLICACI\u00d3<\/b><\/p>\n<p>A trav\u00e9s d&#8217;este procediment podr\u00e0 iniciar una reclamaci\u00f3 per a con\u00e9ixer i oposar-se als motius de la desestimaci\u00f3 d&#8217;una sol\u00b7licitud d&#8217;informaci\u00f3 accessible o queixa, instar l&#8217;adopci\u00f3 de les mesures oportunes en el cas de no estar d&#8217;acord amb la decisi\u00f3 adoptada, o exposar les raons per les quals es considera que la resposta no complix amb els requisits exigits. Enlla\u00e7 al Procediment de reclamaci\u00f3. <\/p>\n<p><b>6. CONTINGUT OPCIONAL<\/b><\/p>\n<p>La versi\u00f3 actualment visible d&#8217;este lloc web \u00e9s de setembre de 2024 i en eixa data es va fer la revisi\u00f3 del nivell d&#8217;accessibilitat vigent en aquell moment. Entre altres s&#8217;adopten les seg\u00fcents mesures per a facilitar l&#8217;accessibilitat: <\/p>\n<ul>\n<li>Utilitzaci\u00f3 de text alternatiu en les imatges<\/li>\n<li>Els enlla\u00e7os oferixen detalls de la funci\u00f3 o dest\u00ed de l&#8217;enlla\u00e7<\/li>\n<li>Uso de los est\u00e1ndares del W3C: XHTML 1.0, CSS 3.0, WAI AA.<\/li>\n<\/ul>\n<p>Puede consultar en la p\u00e1gina de <a href=\"https:\/\/www.internetvacacional.es\/ca\/avis-legal\/\">Aviso Legal<\/a> para qu\u00e9 navegadores y versiones est\u00e1 optimizado este sitio web.<\/p>\n<p>&nbsp;<\/p>","protected":false},"excerpt":{"rendered":"<p>1. DECLARACI\u00d3 D&#8217;ACCESSIBILITAT *Teucom *Networks S.L., s&#8217;ha comprom\u00e9s a fer accessible el seu lloc web de conformitat amb el Reial decret 1112\/2018, de 7 de setembre. La present declaraci\u00f3 d&#8217;accessibilitat s&#8217;aplica al lloc web www.internetvacacional.es 2. SITUACI\u00d3 DE CUMPLIMENT Este lloc web \u00e9s parcialment conforme amb el Reial decret 1112\/2018, de 7 de setembre, a [&hellip;]<\/p>\n","protected":false},"author":1,"featured_media":0,"parent":0,"menu_order":0,"comment_status":"closed","ping_status":"closed","template":"","meta":{"_acf_changed":false,"inline_featured_image":false,"footnotes":""},"class_list":["post-2015","page","type-page","status-publish","hentry"],"acf":[],"aioseo_notices":[],"_links":{"self":[{"href":"https:\/\/www.internetvacacional.es\/ca\/wp-json\/wp\/v2\/pages\/2015","targetHints":{"allow":["GET"]}}],"collection":[{"href":"https:\/\/www.internetvacacional.es\/ca\/wp-json\/wp\/v2\/pages"}],"about":[{"href":"https:\/\/www.internetvacacional.es\/ca\/wp-json\/wp\/v2\/types\/page"}],"author":[{"embeddable":true,"href":"https:\/\/www.internetvacacional.es\/ca\/wp-json\/wp\/v2\/users\/1"}],"replies":[{"embeddable":true,"href":"https:\/\/www.internetvacacional.es\/ca\/wp-json\/wp\/v2\/comments?post=2015"}],"version-history":[{"count":0,"href":"https:\/\/www.internetvacacional.es\/ca\/wp-json\/wp\/v2\/pages\/2015\/revisions"}],"wp:attachment":[{"href":"https:\/\/www.internetvacacional.es\/ca\/wp-json\/wp\/v2\/media?parent=2015"}],"curies":[{"name":"wp","href":"https:\/\/api.w.org\/{rel}","templated":true}]}}