{"id":2009,"date":"2025-08-17T14:39:05","date_gmt":"2025-08-17T12:39:05","guid":{"rendered":"https:\/\/www.internetvacacional.es\/politica-de-privacitat\/"},"modified":"2025-08-17T14:39:05","modified_gmt":"2025-08-17T12:39:05","slug":"politica-de-privacitat","status":"publish","type":"page","link":"https:\/\/www.internetvacacional.es\/ca\/politica-de-privacitat\/","title":{"rendered":"Pol\u00edtica de privacitat"},"content":{"rendered":"\n<p>D&#8217;acord amb el que s&#8217;establix en el Reglament General de Protecci\u00f3 de Dades, l&#8217;informem que tractarem les seues dades personals amb la finalitat d&#8217;informar-lo sobre els productes o servicis publicats en la nostra web.<\/p>\n<p>Les dades personals proporcionades es conservaran, mentres es mantinga la relaci\u00f3 mercantil, no se sol\u00b7licite la seua supressi\u00f3 per l&#8217;interessat, o durant 1 any a partir de l&#8217;\u00faltima confirmaci\u00f3 d&#8217;inter\u00e9s, o durant el temps necessari per a complir amb les obligacions legals. L&#8217;empresa NO prendr\u00e0 decisions automatitzades. Les dades no se cediran a tercers excepte en els casos en qu\u00e8 existisca una obligaci\u00f3 legal i els tractarem sobre la base del seu consentiment.  <\/p>\n<p>Aix\u00ed mateix, l&#8217;informem de la possibilitat d&#8217;exercir els seg\u00fcents drets sobre les seues dades personals: dret d&#8217;acc\u00e9s, rectificaci\u00f3, supressi\u00f3 o oblit, limitaci\u00f3, oposici\u00f3, portabilitat i a retirar el consentiment prestat, per a aix\u00f2 podr\u00e0 enviar un email a: <a href=\"mailto:ventas@teucom.es\">ventas@teucom.es<\/a><\/p>\n<p>A m\u00e9s, l&#8217;interessat pot dirigir-se a l&#8217;Autoritat de Control en mat\u00e8ria de Protecci\u00f3 de Dades competent per a obtindre informaci\u00f3 addicional o presentar una reclamaci\u00f3.<\/p>\n<p>Dades identificatives del responsable:<\/p>\n<p data-syno-attrs=\"{\"textMarks\":[{\"_\":\"font_family\",\"complexScript\":\"Helvetica\",\"eastAsia\":\"Helvetica\",\"value\":\"Helvetica\"},{\"_\":\"font_size\",\"value\":10}]}\"><span data-syno-attrs=\"{\"value\":\"Helvetica\",\"eastAsia\":\"Helvetica\",\"complexScript\":\"Helvetica\",\"hint\":\"default\"}\">Teucom Networks S.L. <\/span><span data-syno-attrs=\"{\"value\":\"Helvetica\",\"eastAsia\":\"Helvetica\",\"complexScript\":\"Helvetica\",\"hint\":\"default\"}\">B02727089 <\/span>, <span data-syno-attrs=\"{\"value\":\"Helvetica\",\"eastAsia\":\"Helvetica\",\"complexScript\":\"Helvetica\",\"hint\":\"default\"}\">C\/ Sant Carles, 13 &#8211; Puerta B, <\/span><span data-syno-attrs=\"{\"value\":\"Helvetica\",\"eastAsia\":\"Helvetica\",\"complexScript\":\"Helvetica\",\"hint\":\"default\"}\">03780 , Pego (Alicante) <\/span>, <span data-syno-attrs=\"{\"value\":\"Helvetica\",\"eastAsia\":\"Helvetica\",\"complexScript\":\"Helvetica\",\"hint\":\"default\"}\">03780<\/span>.<\/p>","protected":false},"excerpt":{"rendered":"<p>D&#8217;acord amb el que s&#8217;establix en el Reglament General de Protecci\u00f3 de Dades, l&#8217;informem que tractarem les seues dades personals amb la finalitat d&#8217;informar-lo sobre els productes o servicis publicats en la nostra web. Les dades personals proporcionades es conservaran, mentres es mantinga la relaci\u00f3 mercantil, no se sol\u00b7licite la seua supressi\u00f3 per l&#8217;interessat, o [&hellip;]<\/p>\n","protected":false},"author":1,"featured_media":0,"parent":0,"menu_order":0,"comment_status":"closed","ping_status":"closed","template":"","meta":{"_acf_changed":false,"inline_featured_image":false,"footnotes":""},"class_list":["post-2009","page","type-page","status-publish","hentry"],"acf":[],"aioseo_notices":[],"_links":{"self":[{"href":"https:\/\/www.internetvacacional.es\/ca\/wp-json\/wp\/v2\/pages\/2009","targetHints":{"allow":["GET"]}}],"collection":[{"href":"https:\/\/www.internetvacacional.es\/ca\/wp-json\/wp\/v2\/pages"}],"about":[{"href":"https:\/\/www.internetvacacional.es\/ca\/wp-json\/wp\/v2\/types\/page"}],"author":[{"embeddable":true,"href":"https:\/\/www.internetvacacional.es\/ca\/wp-json\/wp\/v2\/users\/1"}],"replies":[{"embeddable":true,"href":"https:\/\/www.internetvacacional.es\/ca\/wp-json\/wp\/v2\/comments?post=2009"}],"version-history":[{"count":0,"href":"https:\/\/www.internetvacacional.es\/ca\/wp-json\/wp\/v2\/pages\/2009\/revisions"}],"wp:attachment":[{"href":"https:\/\/www.internetvacacional.es\/ca\/wp-json\/wp\/v2\/media?parent=2009"}],"curies":[{"name":"wp","href":"https:\/\/api.w.org\/{rel}","templated":true}]}}