{"id":1961,"date":"2026-01-21T12:06:47","date_gmt":"2026-01-21T11:06:47","guid":{"rendered":"https:\/\/www.internetvacacional.es\/us-de-cookies\/"},"modified":"2026-01-21T12:06:47","modified_gmt":"2026-01-21T11:06:47","slug":"us-de-cookies","status":"publish","type":"page","link":"https:\/\/www.internetvacacional.es\/ca\/us-de-cookies\/","title":{"rendered":"Us de cookies"},"content":{"rendered":"\n<p data-syno-attrs=\"{\"textMarks\":[{\"_\":\"font_family\",\"complexScript\":\"Helvetica\",\"eastAsia\":\"Helvetica\",\"value\":\"Helvetica\"},{\"_\":\"font_size\",\"value\":10}]}\">*Teucom *Networks S.L. , a trav\u00e9s del present document, arreplega la seua Pol\u00edtica de recollida i tractament de cookies, en compliment del que es disposa en l&#8217;article 22.2 de la Llei 34\/2002, d&#8217;11 de juliol, de Servicis de la Societat de la Informaci\u00f3 i de Comer\u00e7 Electr\u00f2nic (*LSSICE).<\/p>\n<p>Les cookies s&#8217;emmagatzemen en l&#8217;equip terminal de l&#8217;usuari (ordinador o dispositiu m\u00f2bil) i recopilen informaci\u00f3 en visitar la p\u00e0gina web <a href=\"http:\/\/www.internetvacacional.es\">www.internetvacacional.es, <\/a>amb la finalitat de millorar la usabilitat d&#8217;estes, con\u00e9ixer els h\u00e0bits o necessitats de navegaci\u00f3 dels usuaris per a poder adaptar-se a estos, aix\u00ed com obtindre informaci\u00f3 amb finalitats estad\u00edstics. En el cas d&#8217;aquells usuaris que ja siguen clients de l&#8217;entitat, la informaci\u00f3 recaptada amb les cookies servir\u00e0 tamb\u00e9 per a la seua identificaci\u00f3 en accedir a les diferents ferramentes que l&#8217;entitat posa a la seua disposici\u00f3 per a la gesti\u00f3 dels servicis. <\/p>\n<p>La present Pol\u00edtica de Cookies ser\u00e0 aplicable a aquells usuaris que volunt\u00e0riament visiten les p\u00e0gines web de l&#8217;entitat, emplenen formularis de recollida de dades, accedixen a les ferramentes que l&#8217;entitat posa a la disposici\u00f3 dels seus clients per a gestionar els seus servicis, o utilitzen qualsevol altre servici present en el lloc web que implique la comunicaci\u00f3 de dades a l&#8217;entitat, o l&#8217;acc\u00e9s a dades per l&#8217;entitat, per a la prestaci\u00f3 dels seus servicis.<\/p>\n<p>L&#8217;entitat informa els usuaris de la seua p\u00e0gina web de l&#8217;exist\u00e8ncia de cookies i posa a la seua disposici\u00f3 la present Pol\u00edtica amb la finalitat d&#8217;informar-los sobre l&#8217;\u00fas i de l&#8217;objecte d&#8217;estes. El fet de continuar la navegaci\u00f3 a trav\u00e9s de les seues p\u00e0gines, suposa el coneixement i l&#8217;acceptaci\u00f3 de la present Pol\u00edtica per part d&#8217;estos usuaris. <\/p>\n<p>Teucom Networks S.L. utilitza els seg\u00fcents tipus de cookies:<\/p>\n<p>&nbsp;<\/p>\n<p><b>Classificades per la seua finalitat:<\/b><\/p>\n<ul>\n<li>Cookies necess\u00e0ries: Les cookies necess\u00e0ries s\u00f3n absolutament essencials perqu\u00e8 el lloc web funcione correctament. Esta categoria nom\u00e9s inclou cookies que garantixen funcionalitats b\u00e0siques i caracter\u00edstiques de seguretat del lloc web. Estes cookies no emmagatzemen cap informaci\u00f3 personal.  <\/li>\n<li>Cookies d&#8217;anal\u00edtica: Les cookies anal\u00edtiques s&#8217;utilitzen per a comprendre com els visitants interactuen amb el lloc web. Estes cookies ajuden a proporcionar informaci\u00f3 sobre m\u00e8triques, el nombre de visitants, la taxa de rebot, la font de tr\u00e0nsit, etc. <\/li>\n<li>Cookies funcionals: Les cookies funcionals ajuden a realitzar unes certes funcionalitats com compartir el contingut del lloc web en plataformes de xarxes socials, recopilar comentaris i altres caracter\u00edstiques de tercers.<\/li>\n<li>Cookies de prefer\u00e8ncies: Les cookies de prefer\u00e8ncia s&#8217;utilitzen per a emmagatzemar les prefer\u00e8ncies de l&#8217;usuari per a proporcionar contingut personalitzat i convenient per als usuaris, com l&#8217;idioma del lloc web o la ubicaci\u00f3 del visitant.<\/li>\n<li>Cookies de publicitat: Les cookies publicit\u00e0ries s&#8217;utilitzen per a proporcionar als visitants anuncis i campanyes de m\u00e0rqueting rellevants. Estes cookies rastregen als visitants en els llocs web i recopilen informaci\u00f3 per a proporcionar anuncis personalitzats. <\/li>\n<li>Cookies de rendiment: Les cookies de rendiment s&#8217;utilitzen per a comprendre i analitzar els \u00edndexs de rendiment clau del lloc web, la qual cosa ajuda a brindar una millor experi\u00e8ncia d&#8217;usuari als visitants.<\/li>\n<li>Cookies de seguretat: Les cookies de seguretat ajuden a mantindre un entorn funcional i segur tant per a l&#8217;empresa que subministra el servici com per a l&#8217;usuari del lloc web.<\/li>\n<\/ul>\n<p>&nbsp;<\/p>\n<p><b>Classificades per la seua titularitat:<\/b><\/p>\n<ul>\n<li>Cookies pr\u00f2pies: enviades i gestionades directament per l&#8217;entitat.<\/li>\n<li>Cookies de tercers: enviades i gestionades per un tercer ali\u00e9 a l&#8217;entitat, de manera an\u00f2nima, amb la finalitat de realitzar estudis estad\u00edstics de navegaci\u00f3 per les p\u00e0gines web de l&#8217;entitat.<\/li>\n<\/ul>\n<p>&nbsp;<\/p>\n<p><b>Classificades per la seua duraci\u00f3:<\/b><\/p>\n<ul>\n<li>\n<ul>\n<li>Cookies de sessi\u00f3: recapten i emmagatzemen les dades mentres l&#8217;usuari accedix a la p\u00e0gina web.<\/li>\n<li>Cookies persistents: recapten i emmagatzemen les dades en el terminal de l&#8217;usuari durant un per\u00edode de temps variable en funci\u00f3 de quin siga la finalitat per a la qual han sigut utilitzades.<\/li>\n<\/ul>\n<\/li>\n<\/ul>\n<p>&nbsp;<\/p>\n<p>Este lloc web utilitza les seg\u00fcents cookies:<\/p>\n[cmplz_cookies]\n<p>El temps de conservaci\u00f3 de les cookies dependr\u00e0 del tipus de qu\u00e8 es tracte i sempre ser\u00e0 el m\u00ednim indispensable per a complir la seua finalitat.<\/p>\n<p>En qualsevol cas, els usuaris poden configurar el seu navegador, de manera que es deshabilite o bloquege la recepci\u00f3 de totes o algunes de les cookies. El fet de no desitjar rebre estes cookies, no constitu\u00efx un impediment per a poder accedir a la informaci\u00f3 dels llocs web de l&#8217;entitat encara que l&#8217;\u00fas d&#8217;alguns servicis podr\u00e0 ser limitat. Si una vegada atorgat el consentiment per a la recepci\u00f3 de cookies, es desitjara retirar este, s&#8217;hauran d&#8217;eliminar aquelles emmagatzemades en l&#8217;equip de l&#8217;usuari, a trav\u00e9s de les opcions dels diferents navegadors.  <\/p>\n<p>La manera de configurar els diferents navegadors per a exercitar les accions assenyalades en els par\u00e0grafs anteriors, es pot consultar en:<\/p>\n<p><b><a href=\"https:\/\/support.google.com\/chrome\/answer\/95647?hl=es\" target=\"_blank\" rel=\"noopener noreferrer\">Google Chrome<\/a><\/b> | <b><a href=\"https:\/\/support.mozilla.org\/es\/kb\/habilitar-y-deshabilitar-cookies-sitios-web-rastrear-preferencias?redirectlocale=es&amp;redirectslug=habilitar-y-deshabilitar-cookies-que-los-sitios-we\" target=\"_blank\" rel=\"noopener noreferrer\">Mozilla Firefox<\/a><\/b> | <b><a href=\"https:\/\/support.microsoft.com\/es-es\/topic\/eliminar-y-administrar-cookies-168dab11-0753-043d-7c16-ede5947fc64d\" target=\"_blank\" rel=\"noopener noreferrer\">Microsoft Internet Explorer<\/a><\/b> | <b><a href=\"https:\/\/support.microsoft.com\/es-es\/windows\/microsoft-edge-datos-de-exploraci%C3%B3n-y-privacidad-bb8174ba-9d73-dcf2-9b4a-c582b4e640dd\" target=\"_blank\" rel=\"noopener noreferrer\">Microsoft Edge<\/a><\/b> | <b><a href=\"https:\/\/support.apple.com\/es-es\/guide\/safari\/sfri11471\/mac\" target=\"_blank\" rel=\"noopener noreferrer\">Apple Safari<\/a><\/b> | <b><a class=\"__mPS2id\" href=\"https:\/\/help.opera.com\/en\/latest\/web-preferences\/#cookies\" target=\"_blank\" rel=\"noopener noreferrer\">Opera<\/a><\/b><\/p>","protected":false},"excerpt":{"rendered":"<p>*Teucom *Networks S.L. , a trav\u00e9s del present document, arreplega la seua Pol\u00edtica de recollida i tractament de cookies, en compliment del que es disposa en l&#8217;article 22.2 de la Llei 34\/2002, d&#8217;11 de juliol, de Servicis de la Societat de la Informaci\u00f3 i de Comer\u00e7 Electr\u00f2nic (*LSSICE). Les cookies s&#8217;emmagatzemen en l&#8217;equip terminal de [&hellip;]<\/p>\n","protected":false},"author":1,"featured_media":0,"parent":0,"menu_order":0,"comment_status":"closed","ping_status":"closed","template":"","meta":{"_acf_changed":false,"inline_featured_image":false,"footnotes":""},"class_list":["post-1961","page","type-page","status-publish","hentry"],"acf":[],"aioseo_notices":[],"_links":{"self":[{"href":"https:\/\/www.internetvacacional.es\/ca\/wp-json\/wp\/v2\/pages\/1961","targetHints":{"allow":["GET"]}}],"collection":[{"href":"https:\/\/www.internetvacacional.es\/ca\/wp-json\/wp\/v2\/pages"}],"about":[{"href":"https:\/\/www.internetvacacional.es\/ca\/wp-json\/wp\/v2\/types\/page"}],"author":[{"embeddable":true,"href":"https:\/\/www.internetvacacional.es\/ca\/wp-json\/wp\/v2\/users\/1"}],"replies":[{"embeddable":true,"href":"https:\/\/www.internetvacacional.es\/ca\/wp-json\/wp\/v2\/comments?post=1961"}],"version-history":[{"count":0,"href":"https:\/\/www.internetvacacional.es\/ca\/wp-json\/wp\/v2\/pages\/1961\/revisions"}],"wp:attachment":[{"href":"https:\/\/www.internetvacacional.es\/ca\/wp-json\/wp\/v2\/media?parent=1961"}],"curies":[{"name":"wp","href":"https:\/\/api.w.org\/{rel}","templated":true}]}}