{"id":1959,"date":"2026-01-21T11:59:52","date_gmt":"2026-01-21T10:59:52","guid":{"rendered":"https:\/\/www.internetvacacional.es\/avis-legal\/"},"modified":"2026-01-21T11:59:52","modified_gmt":"2026-01-21T10:59:52","slug":"avis-legal","status":"publish","type":"page","link":"https:\/\/www.internetvacacional.es\/ca\/avis-legal\/","title":{"rendered":"Av\u00eds Legal"},"content":{"rendered":"<p>En compliment de l&#8217;article 10 de la Llei 34\/2002, d&#8217;11 de juliol, de Servicis de la Societat de la Informaci\u00f3 i Comer\u00e7 Electr\u00f2nic (*LSSICE) a continuaci\u00f3 es detallen les dades identificatives de l&#8217;entitat:<\/p>\n<p>Teucom Networks S.L. B02727089 , C\/ Sant Carles, 13 &#8211; Puerta B, 03780 , Pego (Alicante) , 03780.<\/p>\n<p><a href=\"mailto:ventas@teucom.es\">ventas@teucom.es<\/a><\/p>\n<p>&nbsp;<\/p>\n<p>FINALITAT DE LA P\u00c0GINA WEB<\/p>\n<p>La present p\u00e0gina web t\u00e9 com a finalitat oferir els servicis d&#8217;internet de *Teucom *Networks S.L..<\/p>\n<p>El present Av\u00eds legal (d&#8217;ara en avant, l&#8217;\u00abAv\u00eds Legal\u00bb) regula l&#8217;\u00fas del lloc web: <a href=\"https:\/\/www.internetvacacional.e\">www.internetvacacional.es<\/a><\/p>\n<p>&nbsp;<\/p>\n<p>LEGISLACI\u00d3<\/p>\n<p>Amb car\u00e0cter general, les relacions entre *Teucom *Networks S.L. i els Usuaris dels seus servicis telem\u00e0tics, presents en este lloc web, es troben sotmeses a la legislaci\u00f3 i jurisdicci\u00f3 espanyoles.<\/p>\n<p>&nbsp;<\/p>\n<p>\u00daS I ACC\u00c9S D&#8217;USUARIS<\/p>\n<p>L&#8217;Usuari queda informat, i accepta, que l&#8217;acc\u00e9s a la present web no suposa, de cap manera, l&#8217;inici d&#8217;una relaci\u00f3 comercial amb *Teucom *Networks S.L o qualsevol de les seues delegacions.<\/p>\n<p>&nbsp;<\/p>\n<p>PROPIETAT INTEL\u00b7LECTUAL I INDUSTRIAL<\/p>\n<p>Els drets de propietat intel\u00b7lectual del contingut de les p\u00e0gines web, el seu disseny gr\u00e0fic i codis s\u00f3n titularitat de *Teucom *Networks S.L i, per tant, queda prohibida la seua reproducci\u00f3, distribuci\u00f3, comunicaci\u00f3 p\u00fablica, transformaci\u00f3 o qualsevol altra activitat que es puga realitzar amb els continguts de les seues p\u00e0gines web ni fins i tot citant les fonts, excepte consentiment per escrit de *Teucom *Networks S.L.<\/p>\n<p>&nbsp;<\/p>\n<p>CONTINGUT DE LA WEB I ENLLA\u00c7OS (LINKS)<\/p>\n<p> *Teucom *Networks S.L es reserva el dret a actualitzar, modificar o eliminar la informaci\u00f3 continguda en les seues p\u00e0gines web podent fins i tot limitar o no permetre l&#8217;acc\u00e9s a esta informaci\u00f3 a uns certs usuaris.<\/p>\n<p> *Teucom *Networks S.L no assumix cap responsabilitat per la informaci\u00f3 continguda en p\u00e0gines web de tercers a les quals es puga accedir per \u00ablinks\u00bb o enlla\u00e7os des de qualsevol p\u00e0gina web propietat de *Teucom *Networks S.L. La pres\u00e8ncia de \u00ablinks\u00bb o enlla\u00e7os en les p\u00e0gines web de *Teucom *Networks S.L t\u00e9 finalitat merament informativa i en cap cas suposa suggeriment, invitaci\u00f3 o recomanaci\u00f3 sobre estos.<\/p>\n","protected":false},"excerpt":{"rendered":"<p>En compliment de l&#8217;article 10 de la Llei 34\/2002, d&#8217;11 de juliol, de Servicis de la Societat de la Informaci\u00f3 i Comer\u00e7 Electr\u00f2nic (*LSSICE) a continuaci\u00f3 es detallen les dades identificatives de l&#8217;entitat: Teucom Networks S.L. B02727089 , C\/ Sant Carles, 13 &#8211; Puerta B, 03780 , Pego (Alicante) , 03780. ventas@teucom.es &nbsp; FINALITAT DE [&hellip;]<\/p>\n","protected":false},"author":1,"featured_media":0,"parent":0,"menu_order":0,"comment_status":"closed","ping_status":"closed","template":"","meta":{"_acf_changed":false,"inline_featured_image":false,"footnotes":""},"class_list":["post-1959","page","type-page","status-publish","hentry"],"acf":[],"aioseo_notices":[],"_links":{"self":[{"href":"https:\/\/www.internetvacacional.es\/ca\/wp-json\/wp\/v2\/pages\/1959","targetHints":{"allow":["GET"]}}],"collection":[{"href":"https:\/\/www.internetvacacional.es\/ca\/wp-json\/wp\/v2\/pages"}],"about":[{"href":"https:\/\/www.internetvacacional.es\/ca\/wp-json\/wp\/v2\/types\/page"}],"author":[{"embeddable":true,"href":"https:\/\/www.internetvacacional.es\/ca\/wp-json\/wp\/v2\/users\/1"}],"replies":[{"embeddable":true,"href":"https:\/\/www.internetvacacional.es\/ca\/wp-json\/wp\/v2\/comments?post=1959"}],"version-history":[{"count":0,"href":"https:\/\/www.internetvacacional.es\/ca\/wp-json\/wp\/v2\/pages\/1959\/revisions"}],"wp:attachment":[{"href":"https:\/\/www.internetvacacional.es\/ca\/wp-json\/wp\/v2\/media?parent=1959"}],"curies":[{"name":"wp","href":"https:\/\/api.w.org\/{rel}","templated":true}]}}