{"id":1957,"date":"2026-01-22T09:01:49","date_gmt":"2026-01-22T08:01:49","guid":{"rendered":"https:\/\/www.internetvacacional.es\/contacte\/"},"modified":"2026-02-02T10:14:45","modified_gmt":"2026-02-02T09:14:45","slug":"contacte","status":"publish","type":"page","link":"https:\/\/www.internetvacacional.es\/ca\/contacte\/","title":{"rendered":"Contacte"},"content":{"rendered":"\t\t<div data-elementor-type=\"wp-page\" data-elementor-id=\"1957\" class=\"elementor elementor-1957 elementor-1854\">\n\t\t\t\t\t\t<section class=\"elementor-section elementor-top-section elementor-element elementor-element-bb8ec74 elementor-section-full_width elementor-section-height-default elementor-section-height-default\" data-id=\"bb8ec74\" data-element_type=\"section\" data-e-type=\"section\">\n\t\t\t\t\t\t<div class=\"elementor-container elementor-column-gap-default\">\n\t\t\t\t\t<div class=\"elementor-column elementor-col-100 elementor-top-column elementor-element elementor-element-0eca2f3\" data-id=\"0eca2f3\" data-element_type=\"column\" data-e-type=\"column\">\n\t\t\t<div class=\"elementor-widget-wrap elementor-element-populated\">\n\t\t\t\t\t\t<div class=\"elementor-element elementor-element-bee8dac elementor-widget elementor-widget-contact_info elh-el contact_info\" data-id=\"bee8dac\" data-element_type=\"widget\" data-e-type=\"widget\" data-settings=\"{&quot;design_style&quot;:&quot;style_1&quot;}\" data-widget_type=\"contact_info.default\">\n\t\t\t\t<div class=\"elementor-widget-container\">\n\t\t\t\t\t\n        <section class=\"contact-page-section\">\n            <div class=\"auto-container\">\n                <div class=\"row clearfix\">\n\n                    <!-- Info Column -->\n                    <div class=\"info-column col-lg-4 col-md-12 col-sm-12\">\n                        <div class=\"inner-column\">\n\n                                                        <div class=\"title-box\">\n                                <h4>Dades de contacte<\/h4>\n                            <\/div>\n                            \n                            <div class=\"lower-box\">\n                                <ul class=\"info-list\">\n                                    \n                                                                        <li>\n                                        <div class=\"icon\">\n                                                                                            <i aria-hidden=\"true\" class=\"fas fa-location-arrow\"><\/i>                                                                                    <\/div>\n                                        C\/ Sant Carles n\u00ba 13 B, Pego                                    <\/li>\n                                    \n                                    \n                                    \n                                    \n                                    \n                                                                        <li>\n                                        <div class=\"icon\">\n                                                                                            <i aria-hidden=\"true\" class=\"fas fa-phone-alt\"><\/i>                                                                                    <\/div>\n\n                                                                                <a href=\"tel:664 069 100\">664 069 100<\/a><br>\n                                        \n                                                                            <\/li>\n                                    \n                                    \n                                    \n                                    \n                                    \n                                                                        <li>\n                                        <div class=\"icon\">\n                                                                                            <i aria-hidden=\"true\" class=\"fas fa-envelope\"><\/i>                                                                                    <\/div>\n\n                                                                                <a href=\"mailto:ventas@teucom.es\">ventas@teucom.es<\/a><br>\n                                        \n                                                                            <\/li>\n                                    \n                                                                    <\/ul>\n\n                                                                <div class=\"timing\">Dilluns - Divendres (8.00 - 19.30)\nDissabte i Domingo - Tancat<\/div>\n                                \n\n                                <ul class=\"social-box\">\n\n                                    \n                                    \n                                    \n                                    \n                                    \n                                    \n                                    \n                                    \n                                    \n                                    \n                                    \n                                    \n                                    \n                                    \n                                    \n                                                                    <\/ul>\n\n                            <\/div>\n                        <\/div>\n                    <\/div>\n\n                    <!-- Map Column -->\n                    <div class=\"map-column col-lg-8 col-md-12 col-sm-12\">\n                        <div class=\"inner-column\">\n                            <!--Map Outer-->\n                            <div class=\"map-outer\">\n                                <iframe src=\"https:\/\/maps.google.com\/maps?q=C%2F+Sant+Carles+n%C2%BA+13+B%2C+Pego&amp;t=m&amp;z=17&amp;output=embed&amp;iwloc=near\"><\/iframe>                            <\/div>\n                        <\/div>\n                    <\/div>\n\n                <\/div>\n\n                <!-- Contact Form Box -->\n                <div class=\"contact-form-box\">\n                    <!-- Form Title Box -->\n                                        <div class=\"form-title-box\">\n                        <h3>Deixa'ns el teu missatge<\/h3>\n                    <\/div>\n                    \n                    <!-- Contact Form -->\n                    <div class=\"contact-form\">\n                    \n<div class=\"wpcf7 no-js\" id=\"wpcf7-f2125-o1\" lang=\"ca\" dir=\"ltr\" data-wpcf7-id=\"2125\">\n<div class=\"screen-reader-response\"><p role=\"status\" aria-live=\"polite\" aria-atomic=\"true\"><\/p> <ul><\/ul><\/div>\n<form action=\"\/ca\/wp-json\/wp\/v2\/pages\/1957#wpcf7-f2125-o1\" method=\"post\" class=\"wpcf7-form init elh-cf7-form\" aria-label=\"Formulari de contacte\" novalidate=\"novalidate\" data-status=\"init\">\n<fieldset class=\"hidden-fields-container\"><input type=\"hidden\" name=\"_wpcf7\" value=\"2125\" \/><input type=\"hidden\" name=\"_wpcf7_version\" value=\"6.1.5\" \/><input type=\"hidden\" name=\"_wpcf7_locale\" value=\"ca\" \/><input type=\"hidden\" name=\"_wpcf7_unit_tag\" value=\"wpcf7-f2125-o1\" \/><input type=\"hidden\" name=\"_wpcf7_container_post\" value=\"0\" \/><input type=\"hidden\" name=\"_wpcf7_posted_data_hash\" value=\"\" \/><input type=\"hidden\" name=\"_wpcf7_recaptcha_response\" value=\"\" \/>\n<\/fieldset>\n<span class=\"wpcf7-form-control-wrap\" data-name=\"your-name\"><input size=\"40\" maxlength=\"400\" class=\"wpcf7-form-control wpcf7-text wpcf7-validates-as-required\" aria-required=\"true\" aria-invalid=\"false\" placeholder=\"Nom\" value=\"\" type=\"text\" name=\"your-name\" \/><\/span>\n\n<span class=\"wpcf7-form-control-wrap\" data-name=\"your-email\"><input size=\"40\" maxlength=\"400\" class=\"wpcf7-form-control wpcf7-email wpcf7-validates-as-required wpcf7-text wpcf7-validates-as-email\" aria-required=\"true\" aria-invalid=\"false\" placeholder=\"E-mail\" value=\"\" type=\"email\" name=\"your-email\" \/><\/span>\n\n<span class=\"wpcf7-form-control-wrap\" data-name=\"your-message\"><textarea cols=\"40\" rows=\"10\" maxlength=\"2000\" class=\"wpcf7-form-control wpcf7-textarea wpcf7-validates-as-required\" aria-required=\"true\" aria-invalid=\"false\" placeholder=\"En qu\u00e8 podem ajudar-te?\" name=\"your-message\"><\/textarea><\/span>\n\n<div class=\"finalidad-form\">\nLa finalitat i \u00fas previst tant de les dades en si mateixos com del seu tractament, \u00e9s prestar-li el servici sol\u00b7licitat o entregar-li el producte adquirit. A continuaci\u00f3 podr\u00e0 acceptar les finalitats que crega convenients marcant la seua casella corresponent i clicant en el bot\u00f3 ENVIAR, tinga en compte que algunes finalitats poden ser necess\u00e0ries per a poder-li prestar el servici, en el cas de NO marcar estes caselles, no es podr\u00e0 prestar\/entregar el servici\/producte associat. M\u00e9s informaci\u00f3 en nostra   \n<a style=\"text-decoration:underline; display:inline-block;\" target=\"_blank\" href=\"https:\/\/www.internetvacacional.es\/politica-de-privacidad\/\">\nPol\u00edtica de privacidad\n<\/a>.\n<\/div>\n\n<div class=\"finalidad-form\">\n<span class=\"wpcf7-form-control-wrap\" data-name=\"casilla-contacto\"><span class=\"wpcf7-form-control wpcf7-acceptance\"><span class=\"wpcf7-list-item\"><label><input type=\"checkbox\" name=\"casilla-contacto\" value=\"1\" aria-invalid=\"false\" \/><span class=\"wpcf7-list-item-label\">Accepte el tractament de les meues dades amb la finalitat de: Resoluci\u00f3 de dubtes, enviament de pressupostos, prestaci\u00f3 del servici contractat i\/o enviament del producte adquirit.<\/span><\/label><\/span><\/span><\/span>\n<\/div>\n\n<div class=\"finalidad-form\">\n<span class=\"wpcf7-form-control-wrap\" data-name=\"casilla-publicidad\"><span class=\"wpcf7-form-control wpcf7-acceptance optional\"><span class=\"wpcf7-list-item\"><label><input type=\"checkbox\" name=\"casilla-publicidad\" value=\"1\" aria-invalid=\"false\" \/><span class=\"wpcf7-list-item-label\">Accepte el tractament de les meues dades amb la finalitat de: Enviament d'ofertes de productes i servicis del meu inter\u00e9s.<\/span><\/label><\/span><\/span><\/span>\n<\/div>\n\n<div class=\"text-center\">\n<input class=\"wpcf7-form-control wpcf7-submit has-spinner\" type=\"submit\" value=\"ENVIAR\" \/>\n<\/div><div class=\"wpcf7-response-output\" aria-hidden=\"true\"><\/div>\n<\/form>\n<\/div>\n                    <\/div>\n\n                <\/div>\n                <!-- End Contact Form Box -->\n\n            <\/div>\n        <\/section>\n                \t\t\t\t<\/div>\n\t\t\t\t<\/div>\n\t\t\t\t\t<\/div>\n\t\t<\/div>\n\t\t\t\t\t<\/div>\n\t\t<\/section>\n\t\t\t\t<\/div>\n\t\t","protected":false},"excerpt":{"rendered":"<p>Dades de contacte C\/ Sant Carles n\u00ba 13 B, Pego 664 069 100 ventas@teucom.es Dilluns &#8211; Divendres (8.00 &#8211; 19.30) Dissabte i Domingo &#8211; Tancat Deixa&#8217;ns el teu missatge La finalidad y uso previsto tanto de los datos en s\u00ed mismos como de su tratamiento, es prestarle el servicio solicitado o entregarle el producto adquirido. [&hellip;]<\/p>\n","protected":false},"author":1,"featured_media":0,"parent":0,"menu_order":0,"comment_status":"closed","ping_status":"closed","template":"","meta":{"_acf_changed":false,"inline_featured_image":false,"footnotes":""},"class_list":["post-1957","page","type-page","status-publish","hentry"],"acf":[],"aioseo_notices":[],"_links":{"self":[{"href":"https:\/\/www.internetvacacional.es\/ca\/wp-json\/wp\/v2\/pages\/1957","targetHints":{"allow":["GET"]}}],"collection":[{"href":"https:\/\/www.internetvacacional.es\/ca\/wp-json\/wp\/v2\/pages"}],"about":[{"href":"https:\/\/www.internetvacacional.es\/ca\/wp-json\/wp\/v2\/types\/page"}],"author":[{"embeddable":true,"href":"https:\/\/www.internetvacacional.es\/ca\/wp-json\/wp\/v2\/users\/1"}],"replies":[{"embeddable":true,"href":"https:\/\/www.internetvacacional.es\/ca\/wp-json\/wp\/v2\/comments?post=1957"}],"version-history":[{"count":6,"href":"https:\/\/www.internetvacacional.es\/ca\/wp-json\/wp\/v2\/pages\/1957\/revisions"}],"predecessor-version":[{"id":2138,"href":"https:\/\/www.internetvacacional.es\/ca\/wp-json\/wp\/v2\/pages\/1957\/revisions\/2138"}],"wp:attachment":[{"href":"https:\/\/www.internetvacacional.es\/ca\/wp-json\/wp\/v2\/media?parent=1957"}],"curies":[{"name":"wp","href":"https:\/\/api.w.org\/{rel}","templated":true}]}}